{"id":2774,"date":"2018-11-05T17:07:52","date_gmt":"2018-11-05T17:07:52","guid":{"rendered":"http:\/\/demo05.gethomey.io\/?page_id=1619"},"modified":"2025-06-24T07:15:54","modified_gmt":"2025-06-24T11:15:54","slug":"homepage-slider-revolution-2","status":"publish","type":"page","link":"https:\/\/ilgiglio1899.it\/it\/","title":{"rendered":"Pagina iniziale"},"content":{"rendered":"<h2>Il Giglio Appartamenti<\/h2>\n<p>\t\t<div data-lang=\"it\" data-hotel-id=\"ilgiglioapartments\" data-id-room=\"0\"  class=\"kross-container\"><\/div><br \/>\n\t\t\t\t\t<a id=\"about\"><\/a>\t\t\t\t<\/p>\n<h2>Chi siamo<\/h2>\n<p data-sourcepos=\"1:1-1:34\">Una storia di famiglia lunga quasi un secolo.<\/p>\n<p data-sourcepos=\"3:1-3:251\">Aladino era un uomo di Pistoia che part\u00ec per l\u2019America con coraggio e determinazione. L\u00ec costru\u00ec la sua fortuna con il duro lavoro, e al suo ritorno in Italia invest\u00ec in immobili nella sua terra natale, creando un patrimonio che ha attraversato le generazioni.<\/p>\n<p data-sourcepos=\"5:1-5:223\">Oggi, quasi cent\u2019anni dopo, siamo noi \u2013 i suoi nipoti \u2013 a prenderci cura di quelle stesse case. Le gestiamo con rispetto e passione, offrendo ai nostri ospiti luoghi autentici dove sentirsi a casa, nel cuore della Toscana.<\/p>\n<p data-sourcepos=\"7:1-7:111\">Ogni soggiorno \u00e8 un pezzo della nostra storia, che continua a vivere grazie a chi sceglie di farne parte.<\/p>\n<p>\t\t\t\t\t<a id=\"apartments\"><\/a>\t\t\t\t<\/p>\n<h2>Appartamenti<\/h2>\n<p>Nei nostri appartamenti si apprezzano la storia e la tradizione toscana. Ristrutturati e arredati con cura offrono tutto ci\u00f2 che pu\u00f2 servire per un soggiorno ideale. L\u2019arte, la cultura, lo shopping, la gastronomia e la movida locale sono veramente ai tuoi piedi.\nLe meravigliose citt\u00e0 d\u2019arte della Toscana sono a portata di mano.<\/p>\n<p>\t\t\t\t\t<a href=\"https:\/\/ilgiglio1899.it\/it\/accommodations\/\"><br \/>\n\t\t\t\t\t\t\t\t\tVedi altro<br \/>\n\t\t\t\t\t<\/a><br \/>\n\t\t\t\t\t<a id=\"villa\"><\/a><br \/>\n\t\t\t\t\t\t\t\t\t\t\t\t\t\t\t<img loading=\"lazy\" decoding=\"async\" width=\"300\" height=\"300\" src=\"https:\/\/ilgiglio1899.it\/wp-content\/uploads\/2025\/06\/ChatGPT-Image-18-giu-2025_-16_25_10-300x300.png\" alt=\"\" srcset=\"https:\/\/ilgiglio1899.it\/wp-content\/uploads\/2025\/06\/ChatGPT-Image-18-giu-2025_-16_25_10-300x300.png 300w, https:\/\/ilgiglio1899.it\/wp-content\/uploads\/2025\/06\/ChatGPT-Image-18-giu-2025_-16_25_10-150x150.png 150w, https:\/\/ilgiglio1899.it\/wp-content\/uploads\/2025\/06\/ChatGPT-Image-18-giu-2025_-16_25_10-768x768.png 768w, https:\/\/ilgiglio1899.it\/wp-content\/uploads\/2025\/06\/ChatGPT-Image-18-giu-2025_-16_25_10-570x570.png 570w, https:\/\/ilgiglio1899.it\/wp-content\/uploads\/2025\/06\/ChatGPT-Image-18-giu-2025_-16_25_10-285x285.png 285w, https:\/\/ilgiglio1899.it\/wp-content\/uploads\/2025\/06\/ChatGPT-Image-18-giu-2025_-16_25_10-250x250.png 250w, https:\/\/ilgiglio1899.it\/wp-content\/uploads\/2025\/06\/ChatGPT-Image-18-giu-2025_-16_25_10-500x500.png 500w, https:\/\/ilgiglio1899.it\/wp-content\/uploads\/2025\/06\/ChatGPT-Image-18-giu-2025_-16_25_10-360x360.png 360w, https:\/\/ilgiglio1899.it\/wp-content\/uploads\/2025\/06\/ChatGPT-Image-18-giu-2025_-16_25_10.png 1024w\" sizes=\"auto, (max-width: 300px) 100vw, 300px\" \/>\t\t\t\t\t\t\t\t\t\t\t\t\t\t\t<\/p>\n<p>Scopri un angolo autentico della Toscana, immerso tra colline sinuose, boschi rigogliosi e borghi incantati. La nostra villa si trova nel cuore del Montalbano, una catena collinare tra le province di Pistoia, Firenze e Prato, famosa per i suoi panorami di vigneti, uliveti e sentieri ideali per escursioni o gite in bicicletta.<\/p>\n<p>\t\t\t\t\t<a href=\"https:\/\/ilgiglio1899.it\/it\/villamarina\/\"><br \/>\n\t\t\t\t\t\t\t\t\tVedi altro<br \/>\n\t\t\t\t\t<\/a><br \/>\n\t\t\t\t\t<a id=\"contacts\"><\/a>\t\t\t\t<\/p>\n<h2>Contattaci<\/h2>\n<p>\t\t\t\t<a href=\"mailto:ilgiglioapartments@gmail.com\" tabindex=\"-1\" aria-label=\"ilgiglioapartments@gmail.com\"><br \/>\n\t\t\t\t\t\t\t\t<\/a><\/p>\n<h3>\n\t\t\t\t\t\t<a href=\"mailto:ilgiglioapartments@gmail.com\" ><br \/>\n\t\t\t\t\t\t\tilgiglioapartments@gmail.com\t\t\t\t\t\t<\/a><br \/>\n\t\t\t\t\t<\/h3>\n<p>\t\t\t\t<a href=\"tel:+393280349615\" tabindex=\"-1\" aria-label=\"+39 3280349615\"><br \/>\n\t\t\t\t\t\t\t\t<\/a><\/p>\n<h3>\n\t\t\t\t\t\t<a href=\"tel:+393280349615\" ><br \/>\n\t\t\t\t\t\t\t+39 3280349615\t\t\t\t\t\t<\/a><br \/>\n\t\t\t\t\t<\/h3>\n\n<div class=\"wpcf7 no-js\" id=\"wpcf7-f1343-o1\" lang=\"en-US\" dir=\"ltr\" data-wpcf7-id=\"1343\">\n<div class=\"screen-reader-response\"><p role=\"status\" aria-live=\"polite\" aria-atomic=\"true\"><\/p> <ul><\/ul><\/div>\n<form action=\"\/it\/wp-json\/wp\/v2\/pages\/2774#wpcf7-f1343-o1\" method=\"post\" class=\"wpcf7-form init\" aria-label=\"Contact form\" novalidate=\"novalidate\" data-status=\"init\" data-trp-original-action=\"\/it\/wp-json\/wp\/v2\/pages\/2774#wpcf7-f1343-o1\">\n<fieldset class=\"hidden-fields-container\"><input type=\"hidden\" name=\"_wpcf7\" value=\"1343\" \/><input type=\"hidden\" name=\"_wpcf7_version\" value=\"6.1.5\" \/><input type=\"hidden\" name=\"_wpcf7_locale\" value=\"en_US\" \/><input type=\"hidden\" name=\"_wpcf7_unit_tag\" value=\"wpcf7-f1343-o1\" \/><input type=\"hidden\" name=\"_wpcf7_container_post\" value=\"0\" \/><input type=\"hidden\" name=\"_wpcf7_posted_data_hash\" value=\"\" \/>\n<\/fieldset>\n<div class=\"form-group\">\n\t<p><span class=\"wpcf7-form-control-wrap\" data-name=\"your-name\"><input size=\"40\" maxlength=\"400\" class=\"wpcf7-form-control wpcf7-text wpcf7-validates-as-required form-control\" aria-required=\"true\" aria-invalid=\"false\" placeholder=\"nome...\" value=\"\" type=\"text\" name=\"your-name\" \/><\/span>\n\t<\/p>\n<\/div>\n<div class=\"form-group\">\n\t<p><span class=\"wpcf7-form-control-wrap\" data-name=\"your-email\"><input size=\"40\" maxlength=\"400\" class=\"wpcf7-form-control wpcf7-email wpcf7-validates-as-required wpcf7-text wpcf7-validates-as-email form-control\" aria-required=\"true\" aria-invalid=\"false\" placeholder=\"e-mail..\" value=\"\" type=\"email\" name=\"your-email\" \/><\/span>\n\t<\/p>\n<\/div>\n<div class=\"form-group\">\n\t<p><span class=\"wpcf7-form-control-wrap\" data-name=\"tel-979\"><input size=\"40\" maxlength=\"400\" class=\"wpcf7-form-control wpcf7-tel wpcf7-text wpcf7-validates-as-tel\" aria-invalid=\"false\" placeholder=\"telefono...\" value=\"\" type=\"tel\" name=\"tel-979\" \/><\/span>\n\t<\/p>\n<\/div>\n<div class=\"form-group\">\n\t<p><span class=\"wpcf7-form-control-wrap\" data-name=\"your-message\"><textarea cols=\"10\" rows=\"4\" maxlength=\"2000\" class=\"wpcf7-form-control wpcf7-textarea wpcf7-validates-as-required form-control\" aria-required=\"true\" aria-invalid=\"false\" placeholder=\"messaggio...\" name=\"your-message\"><\/textarea><\/span>\n\t<\/p>\n<\/div>\n<p><p><span class=\"wpcf7-form-control-wrap\"><input type=\"hidden\" name=\"php_start_time\" value=\"1776517840.1331\" \/><input type=\"hidden\" name=\"js_end_time\" class=\"js_end_time\" value=\"\" \/><input type=\"hidden\" name=\"js_start_time\" class=\"js_start_time\" value=\"\" \/><input id=\"f12_captcha\" type=\"text\" style=\"visibility:hidden!important; opacity:1!important; height:0!important; width:0!important; margin:0!important; padding:0!important;\" name=\"f12_captcha\" value=\"\"\/><\/span><\/p><input class=\"wpcf7-form-control wpcf7-submit has-spinner btn btn-primary\" type=\"submit\" value=\"Send\" \/>\n<\/p><div class=\"wpcf7-response-output\" aria-hidden=\"true\"><\/div>\n<input type=\"hidden\" name=\"trp-form-language\" value=\"it\"\/><\/form>\n<\/div>","protected":false},"excerpt":{"rendered":"<p>Il Giglio Appartamenti About US A nearly century-long family story. Aladino was a man from Pistoia who left for America with courage and determination. There, he built his fortune through hard work, and upon his return to Italy, he invested in properties in his homeland, creating a legacy that has spanned generations. Today, almost a [&hellip;]<\/p>","protected":false},"author":20,"featured_media":0,"parent":0,"menu_order":0,"comment_status":"closed","ping_status":"closed","template":"elementor_header_footer","meta":{"footnotes":""},"class_list":["post-2774","page","type-page","status-publish","hentry"],"_links":{"self":[{"href":"https:\/\/ilgiglio1899.it\/it\/wp-json\/wp\/v2\/pages\/2774","targetHints":{"allow":["GET"]}}],"collection":[{"href":"https:\/\/ilgiglio1899.it\/it\/wp-json\/wp\/v2\/pages"}],"about":[{"href":"https:\/\/ilgiglio1899.it\/it\/wp-json\/wp\/v2\/types\/page"}],"author":[{"embeddable":true,"href":"https:\/\/ilgiglio1899.it\/it\/wp-json\/wp\/v2\/users\/20"}],"replies":[{"embeddable":true,"href":"https:\/\/ilgiglio1899.it\/it\/wp-json\/wp\/v2\/comments?post=2774"}],"version-history":[{"count":0,"href":"https:\/\/ilgiglio1899.it\/it\/wp-json\/wp\/v2\/pages\/2774\/revisions"}],"wp:attachment":[{"href":"https:\/\/ilgiglio1899.it\/it\/wp-json\/wp\/v2\/media?parent=2774"}],"curies":[{"name":"wp","href":"https:\/\/api.w.org\/{rel}","templated":true}]}}